{"id":1422,"date":"2023-06-29T12:16:12","date_gmt":"2023-06-29T10:16:12","guid":{"rendered":"https:\/\/www.box-fort.com\/cookie-policy-eu\/"},"modified":"2026-04-27T12:23:24","modified_gmt":"2026-04-27T10:23:24","slug":"cookie-policy-eu","status":"publish","type":"page","link":"https:\/\/www.box-fort.com\/en\/cookie-policy-eu\/","title":{"rendered":"Cookie Policy (EU)"},"content":{"rendered":"\n<div class=\"et_pb_section_0 et_pb_section et_section_regular et_block_section\"><div class=\"et_pb_row_0 et_pb_row et_block_row\"><div class=\"et_pb_column_0 et_pb_column et_pb_column_4_4 et-last-child et_block_column et_pb_css_mix_blend_mode_passthrough\"><div class=\"et_pb_text_0 et_pb_text et_pb_bg_layout_light et_pb_module et_block_module\"><div class=\"et_pb_text_inner\"><h1>Cookie policy<\/h1>\n<\/div><\/div><div class=\"et_pb_text_1 et_pb_text et_pb_bg_layout_light et_pb_module et_block_module\"><div class=\"et_pb_text_inner\"><h3>1. Introduction<\/h3>\n<p>Our website, https:\/\/www.box-fort.com (hereinafter: \"the website\") uses cookies and other related technologies (for convenience, all technologies are called \"cookies\"). Cookies are also placed by third parties that we have hired. In the following document we inform you about the use of cookies on our website.<\/p>\n<h3>2. What are cookies?<\/h3>\n<p>A cookie is a small file that is sent along with the pages of this website and stored by your browser on the hard drive of your computer or other device. Stored information may be returned to our servers or to appropriate third-party servers during a subsequent visit.<\/p>\n<h3>3. What are scripts?<\/h3>\n<p>A script is a piece of program code that is used to make our website work correctly and interactively. This code runs on our server or on your device.<\/p>\n<h3>4. What is a web beacon?<\/h3>\n<p>A web beacon (or pixel tag) is a small, invisible piece of text or image on a website that is used to monitor traffic on a website. Therefore, various data about you are stored through these web beacons.<\/p>\n<h3>5. Cookies<\/h3>\n<h4>5.1 Galetes t\u00e8cniques o funcionals<\/h4>\n<p>Some cookies ensure that certain parts of the website work properly and that your user preferences are still remembered. By placing functional cookies, we make it easier for you to visit our website. In this way, you do not need to repeatedly enter the same information when you visit our website and, for example, the items remain in the shopping basket until you have paid. We may place these cookies without your consent.<\/p>\n<h4>5.2 Statistics cookies<\/h4>\n<p>We use statistical cookies to optimize the web experience for our users. With these statistical cookies we obtain information about the use of our website. We ask for your permission to place statistics cookies.<\/p>\n<h3>6. Cookies used<\/h3>\n<p>Google various services<br \/>Marketing\/Tracking<\/p>\n<p>Consent to service google-various-services<br \/>HubSpot<br \/>Marketing\/Tracking, Functional, Preferences<\/p>\n<p>Consent to service hubspot<br \/>Google Analytics<br \/>Statistics<\/p>\n<p>Consent to service google-analytics<br \/>Various<br \/>Purpose pending research<\/p>\n<p>Consent to various services<\/p>\n<h3>7. Consent<\/h3>\n<p>When you visit our website for the first time, we will show you a pop-up window with an explanation about cookies. As soon as you click \"Save preferences\", you agree to our use of the categories of cookies and plugins you selected in the pop-up window, as described in this cookie policy. You can disable the use of cookies through your browser, but please note that our website may no longer function properly.<\/p>\n<h4>7.1 Manage your consent settings<\/h4>\n<p>Functional<br \/>Always active<br \/>Statistics<\/p>\n<h3>8. Activation\/deactivation and deletion of cookies<\/h3>\n<p>You can use your internet browser to delete cookies automatically or manually. You can also specify that certain cookies cannot be placed. You can also specify that certain cookies cannot be placed. For more information about these options, see the instructions in the \"Help\" section of your browser.<\/p>\n<p>Please note that our website may not function properly if all cookies are disabled. If you delete the cookies from your browser, they will be placed again after your consent when you visit our websites again.<\/p>\n<h3>9. Your rights regarding personal data<\/h3>\n<p>You have the following rights regarding your personal data:<\/p>\n<p>You have the right to know why your personal data is needed, what will happen to it and how long it will be kept.<br \/>Right of access: You have the right to access the personal data we hold.<br \/>Right of rectification: You have the right to complete, rectify, delete or block your personal data whenever you want.<br \/>If you give us your consent to process your data, you have the right to revoke that consent and have your personal data deleted.<br \/>Right to assign your data: you have the right to request all personal data from the person in charge of the treatment and to transfer them in their entirety to another person in charge of the treatment.<br \/>Right to object: you can object to the processing of your data. We comply with this unless there are legitimate grounds for processing.<br \/>To exercise these rights, please contact us. Please see the contact details at the bottom of this cookie policy. Si tens alguna queixa sobre com gestionem les teves dades, ens agradaria que ens la fessis saber, per\u00f2 tamb\u00e9 tens dret a enviar una queixa a l'autoritat supervisora (l'autoritat de protecci\u00f3 de dades).<\/p>\n<h3>10. Contact details<\/h3>\n<p>For questions and\/or comments about our cookie policy and this statement, please contact us using the following contact details:<\/p>\n<p>Boxfort<br \/>Carrer del Camp, 79, 08290 Cerdanyola del Vall\u00e8s, Barcelona<br \/>Spain<br \/>Website: https:\/\/www.box-fort.com<br \/>Email: bustia@box-fort.com <br \/>Telephone number: 936 91 83 05<\/p>\n<p>This cookie policy has been synchronized with cookiedatabase.org on June 29, 2023.<\/p>\n<\/div><\/div><\/div><\/div><\/div>\n","protected":false},"excerpt":{"rendered":"","protected":false},"author":5,"featured_media":0,"parent":0,"menu_order":0,"comment_status":"closed","ping_status":"closed","template":"","meta":{"_joinchat":[],"footnotes":""},"class_list":["post-1422","page","type-page","status-publish","hentry"],"yoast_head":"<!-- This site is optimized with the Yoast SEO plugin v27.5 - https:\/\/yoast.com\/product\/yoast-seo-wordpress\/ -->\n<title>Cookie Policy (EU) - Boxfort, suitcases and professional containers<\/title>\n<meta name=\"robots\" content=\"index, follow, max-snippet:-1, max-image-preview:large, max-video-preview:-1\" \/>\n<link rel=\"canonical\" href=\"https:\/\/www.box-fort.com\/en\/cookie-policy-eu\/\" \/>\n<meta property=\"og:locale\" content=\"en_US\" \/>\n<meta property=\"og:type\" content=\"article\" \/>\n<meta property=\"og:title\" content=\"Cookie Policy (EU) - Boxfort, suitcases and professional containers\" \/>\n<meta property=\"og:url\" content=\"https:\/\/www.box-fort.com\/en\/cookie-policy-eu\/\" \/>\n<meta property=\"og:site_name\" content=\"Boxfort, suitcases and professional containers\" \/>\n<meta property=\"article:modified_time\" content=\"2026-04-27T10:23:24+00:00\" \/>\n<meta name=\"twitter:card\" content=\"summary_large_image\" \/>\n<script type=\"application\/ld+json\" class=\"yoast-schema-graph\">{\"@context\":\"https:\\\/\\\/schema.org\",\"@graph\":[{\"@type\":\"WebPage\",\"@id\":\"https:\\\/\\\/www.box-fort.com\\\/en\\\/cookie-policy-eu\\\/\",\"url\":\"https:\\\/\\\/www.box-fort.com\\\/en\\\/cookie-policy-eu\\\/\",\"name\":\"Cookie Policy (EU) - Boxfort, suitcases and professional containers\",\"isPartOf\":{\"@id\":\"https:\\\/\\\/www.box-fort.com\\\/en\\\/#website\"},\"datePublished\":\"2023-06-29T10:16:12+00:00\",\"dateModified\":\"2026-04-27T10:23:24+00:00\",\"breadcrumb\":{\"@id\":\"https:\\\/\\\/www.box-fort.com\\\/en\\\/cookie-policy-eu\\\/#breadcrumb\"},\"inLanguage\":\"en-US\",\"potentialAction\":[{\"@type\":\"ReadAction\",\"target\":[\"https:\\\/\\\/www.box-fort.com\\\/en\\\/cookie-policy-eu\\\/\"]}]},{\"@type\":\"BreadcrumbList\",\"@id\":\"https:\\\/\\\/www.box-fort.com\\\/en\\\/cookie-policy-eu\\\/#breadcrumb\",\"itemListElement\":[{\"@type\":\"ListItem\",\"position\":1,\"name\":\"Home\",\"item\":\"https:\\\/\\\/www.box-fort.com\\\/en\\\/\"},{\"@type\":\"ListItem\",\"position\":2,\"name\":\"Cookie Policy (EU)\"}]},{\"@type\":\"WebSite\",\"@id\":\"https:\\\/\\\/www.box-fort.com\\\/en\\\/#website\",\"url\":\"https:\\\/\\\/www.box-fort.com\\\/en\\\/\",\"name\":\"Boxfort, suitcases and professional containers\",\"description\":\"\",\"potentialAction\":[{\"@type\":\"SearchAction\",\"target\":{\"@type\":\"EntryPoint\",\"urlTemplate\":\"https:\\\/\\\/www.box-fort.com\\\/en\\\/?s={search_term_string}\"},\"query-input\":{\"@type\":\"PropertyValueSpecification\",\"valueRequired\":true,\"valueName\":\"search_term_string\"}}],\"inLanguage\":\"en-US\"}]}<\/script>\n<!-- \/ Yoast SEO plugin. -->","yoast_head_json":{"title":"Cookie Policy (EU) - Boxfort, suitcases and professional containers","robots":{"index":"index","follow":"follow","max-snippet":"max-snippet:-1","max-image-preview":"max-image-preview:large","max-video-preview":"max-video-preview:-1"},"canonical":"https:\/\/www.box-fort.com\/en\/cookie-policy-eu\/","og_locale":"en_US","og_type":"article","og_title":"Cookie Policy (EU) - Boxfort, suitcases and professional containers","og_url":"https:\/\/www.box-fort.com\/en\/cookie-policy-eu\/","og_site_name":"Boxfort, suitcases and professional containers","article_modified_time":"2026-04-27T10:23:24+00:00","twitter_card":"summary_large_image","schema":{"@context":"https:\/\/schema.org","@graph":[{"@type":"WebPage","@id":"https:\/\/www.box-fort.com\/en\/cookie-policy-eu\/","url":"https:\/\/www.box-fort.com\/en\/cookie-policy-eu\/","name":"Cookie Policy (EU) - Boxfort, suitcases and professional containers","isPartOf":{"@id":"https:\/\/www.box-fort.com\/en\/#website"},"datePublished":"2023-06-29T10:16:12+00:00","dateModified":"2026-04-27T10:23:24+00:00","breadcrumb":{"@id":"https:\/\/www.box-fort.com\/en\/cookie-policy-eu\/#breadcrumb"},"inLanguage":"en-US","potentialAction":[{"@type":"ReadAction","target":["https:\/\/www.box-fort.com\/en\/cookie-policy-eu\/"]}]},{"@type":"BreadcrumbList","@id":"https:\/\/www.box-fort.com\/en\/cookie-policy-eu\/#breadcrumb","itemListElement":[{"@type":"ListItem","position":1,"name":"Home","item":"https:\/\/www.box-fort.com\/en\/"},{"@type":"ListItem","position":2,"name":"Cookie Policy (EU)"}]},{"@type":"WebSite","@id":"https:\/\/www.box-fort.com\/en\/#website","url":"https:\/\/www.box-fort.com\/en\/","name":"Boxfort, suitcases and professional containers","description":"","potentialAction":[{"@type":"SearchAction","target":{"@type":"EntryPoint","urlTemplate":"https:\/\/www.box-fort.com\/en\/?s={search_term_string}"},"query-input":{"@type":"PropertyValueSpecification","valueRequired":true,"valueName":"search_term_string"}}],"inLanguage":"en-US"}]}},"_links":{"self":[{"href":"https:\/\/www.box-fort.com\/en\/wp-json\/wp\/v2\/pages\/1422","targetHints":{"allow":["GET"]}}],"collection":[{"href":"https:\/\/www.box-fort.com\/en\/wp-json\/wp\/v2\/pages"}],"about":[{"href":"https:\/\/www.box-fort.com\/en\/wp-json\/wp\/v2\/types\/page"}],"author":[{"embeddable":true,"href":"https:\/\/www.box-fort.com\/en\/wp-json\/wp\/v2\/users\/5"}],"replies":[{"embeddable":true,"href":"https:\/\/www.box-fort.com\/en\/wp-json\/wp\/v2\/comments?post=1422"}],"version-history":[{"count":3,"href":"https:\/\/www.box-fort.com\/en\/wp-json\/wp\/v2\/pages\/1422\/revisions"}],"predecessor-version":[{"id":3986,"href":"https:\/\/www.box-fort.com\/en\/wp-json\/wp\/v2\/pages\/1422\/revisions\/3986"}],"wp:attachment":[{"href":"https:\/\/www.box-fort.com\/en\/wp-json\/wp\/v2\/media?parent=1422"}],"curies":[{"name":"wp","href":"https:\/\/api.w.org\/{rel}","templated":true}]}}