{"id":1289,"date":"2023-07-04T10:23:31","date_gmt":"2023-07-04T08:23:31","guid":{"rendered":"https:\/\/www.box-fort.com\/aviso-legal\/"},"modified":"2026-04-27T12:23:26","modified_gmt":"2026-04-27T10:23:26","slug":"aviso-legal","status":"publish","type":"page","link":"https:\/\/www.box-fort.com\/es\/aviso-legal\/","title":{"rendered":"Aviso legal"},"content":{"rendered":"\n<div class=\"et_pb_section_0 et_pb_section et_section_regular et_block_section\"><div class=\"et_pb_row_0 et_pb_row et_block_row\"><div class=\"et_pb_column_0 et_pb_column et_pb_column_4_4 et-last-child et_block_column et_pb_css_mix_blend_mode_passthrough\"><div class=\"et_pb_text_0 et_pb_text et_pb_bg_layout_light et_pb_module et_block_module\"><div class=\"et_pb_text_inner\"><h1>Aviso legal<\/h1>\n<\/div><\/div><div class=\"et_pb_text_1 et_pb_text et_pb_bg_layout_light et_pb_module et_block_module\"><div class=\"et_pb_text_inner\"><h2 id=\"condicions-d\u00fas\">CONDICIONES DE USO<\/h2>\n<p>La utilizaci\u00f3n de los servicios o la contrataci\u00f3n de productos o servicios en<span> <\/span><a href=\"https:\/\/www.box-fort.com\/es\/\">box-fort.com<\/a><span> <\/span> supone la aceptaci\u00f3n de las siguientes condiciones generales:<\/p>\n<h3 id=\"condicions-generals-d\u00fas-del-lloc-web-de-box-fortcom\">CONDICIONES GENERALES DE USO DEL SITIO WEB DE<span> <\/span><a href=\"https:\/\/www.box-fort.com\/es\/\">BOX-FORT.COM<\/a><\/h3>\n<p>Mediante la aceptaci\u00f3n del presente contrato, usted declara:<\/p>\n<p>a) que para comprar es una persona mayor de edad y con capacidad para ello<\/p>\n<p>b) que ha le\u00eddo y acepta las presentes condiciones generales.<\/p>\n<p>Estas condiciones generales (en adelante, \u201clas Condiciones Generales\u201d), regulan el acceso y utilizaci\u00f3n del sitio web<span> <\/span><a href=\"https:\/\/www.box-fort.com\/es\/\">box-fort.com<\/a><span> <\/span>( Maletas T\u00e9cnicas Boxfort SL ) por parte de los usuarios -clientes (en adelante, \u201clos Clientes\u201d) con NIF B - 59891010, inscrita en el Registro Mercantil de Barcelona, \u200b\u200bTOM 39371, FOLI 0041, FULL 346575, INSCRIPCI\u00d3N 1, con mail de contacto<span> <\/span><a href=\"mailto:bustia@box-fort.com\">bustia@box-fort.com<\/a>. Los Clientes aceptan las Condiciones Generales desde el instante de que utilicen o contraten el servicio o adquieran cualquier producto. Este documento puede ser impreso y almacenado por los Clientes. Box-fort.com pone a disposici\u00f3n de \u00e9stos la direcci\u00f3n de correo electr\u00f3nico<span> <\/span><a href=\"mailto:bustia@box-fort.com\">bustia@box-fort.com<\/a>, para que puedan plantear cualquier duda sobre las Condiciones Generales.<\/p>\n<h3 id=\"modificaci\u00f3-de-les-condicions-generals\">MODIFICACI\u00d3N DE LAS CONDICIONES GENERALES<\/h3>\n<p><a href=\"https:\/\/www.box-fort.com\/es\/\">box-fort.com<\/a><span> <\/span>podr\u00e1 modificar las Condiciones Generales notific\u00e1ndolo a los Clientes con antelaci\u00f3n suficiente, a fin de mejorar los servicios y productos ofrecidos a trav\u00e9s de<span> <\/span><a href=\"https:\/\/www.box-fort.com\/es\/\">box-fort.com<\/a>. Mediante la modificaci\u00f3n de las Condiciones Generales expuestas en la p\u00e1gina web de<span> <\/span><a href=\"https:\/\/www.box-fort.com\/es\/\">box-fort.com<\/a>, se entender\u00e1 por cumplido el deber de notificaci\u00f3n.<\/p>\n<p>En cualquier caso, antes de utilizar los servicios o contratar productos, se podr\u00e1n consultar las Condiciones Generales.<\/p>\n<h3 id=\"descripci\u00f3-dels-productes-i-serveis\">DESCRIPCI\u00d3N DE LOS PRODUCTOS Y SERVICIOS<\/h3>\n<p>Aqu\u00ed debe indicar cu\u00e1les pueden adquirir en su p\u00e1gina y bajo qu\u00e9 condiciones est\u00e1n sujetos los productos y servicios, tales como devoluciones, reembolsos, precios de env\u00edo, empaque\u2026<\/p>\n<h2 id=\"propietat-intellectual-i-industrial\">PROPIEDAD INTELECTUAL E INDUSTRIAL<\/h2>\n<p><a href=\"http:\/\/www.oxygen.cat\/\">Oxygen Area SL<\/a>, como desarrollador de<span> <\/span><a href=\"https:\/\/www.box-fort.com\/es\/\">box-fort.com<\/a><span> <\/span>y contratado por<span> <\/span><a href=\"https:\/\/www.box-fort.com\/es\/\">box-fort.com<\/a>, cede los derechos de propiedad industrial e intelectual del dise\u00f1o, estructuras de navegaci\u00f3n y bases de datos y los diferentes elementos en ella contenidos, siempre que no sean productos o servicios en alquiler, en<span> <\/span><a href=\"https:\/\/www.box-fort.com\/es\/\">box-fort.com<\/a>, a quienes finalmente corresponde el ejercicio exclusivo de los derechos de explotaci\u00f3n de los mismos en cualquier forma y, en especial, los derechos de reproducci\u00f3n, distribuci\u00f3n, comunicaci\u00f3n p\u00fablica y transformaci\u00f3n, de acuerdo con la legislaci\u00f3n espa\u00f1ola y de la uni\u00f3n europea aplicable.<\/p>\n<h3 id=\"\u00fas-del-servei-i-responsabilitats\">USO DEL SERVICIO Y RESPONSABILIDADES<\/h3>\n<p><a href=\"https:\/\/www.box-fort.com\/es\/\">box-fort.com<\/a><span> <\/span>no garantiza la disponibilidad permanente de los servicios, quedando exonerado por cualquier tipo de responsabilidad por posibles da\u00f1os y perjuicios causados \u200b\u200bpor la no disponibilidad del servicio por causas de fuerza mayor o errores en las redes telem\u00e1ticas de transferencia de datos, ajenos a su voluntad. Box-fort.com se reserva el derecho de suspender el acceso a su p\u00e1gina web, sin previo aviso, de forma discrecional y temporal, por razones t\u00e9cnicas o de cualquier otra \u00edndole, pudiendo asimismo modificar unilateralmente tanto las condiciones de acceso , como la totalidad o parte de los contenidos en ella incluidos.<\/p>\n<p><a href=\"https:\/\/www.box-fort.com\/es\/\">box-fort.com<\/a><span> <\/span> no se hace responsable del contenido de los enlaces a otras p\u00e1ginas web que no sean titularidad suya y que, por tanto, no pueden ser controladas por \u00e9sta.<\/p>\n<p>Se considerar\u00e1 terminantemente prohibido el uso de la presente p\u00e1gina Web con fines ilegales o no autorizados.<\/p>\n<h3 id=\"privacitat-i-protecci\u00f3-de-dades-personals\">PRIVACIDAD Y PROTECCI\u00d3N DE DATOS PERSONALES<\/h3>\n<p>Mediante la entrega de la direcci\u00f3n de correo electr\u00f3nico u otros datos personales, requisito necesario para la contrataci\u00f3n de ciertos servicios, los Clientes dan su permiso para que estas direcciones sean tratadas y adem\u00e1s utilizadas para enviar comunicaciones comerciales de promoci\u00f3n o publicidad de los servicios y productos ofrecidos por<span> <\/span><a href=\"https:\/\/www.box-fort.com\/es\/\">box-fort.com<\/a>.<span> <\/span><a href=\"https:\/\/www.box-fort.com\/es\/\">box-fort.com<\/a><span> <\/span>pone a disposici\u00f3n de los Clientes la direcci\u00f3n de correo electr\u00f3nico<span> <\/span><a href=\"mailto:bustia@box-fort.com\">bustia@box-fort.com<\/a><span> <\/span>para que \u00e9stos revoquen el consentimiento prestado.<\/p>\n<p><a href=\"https:\/\/www.box-fort.com\/es\/\">box-fort.com<\/a><span> <\/span>declara que cumple con la normativa vigente respecto a la protecci\u00f3n de datos, en particular la Ley Org\u00e1nica 15\/1999, de 13 de diciembre, de Protecci\u00f3n de Datos de Car\u00e1cter Personal y el Real Decreto 994\/1999, de 11 de junio, que desarrolla la citada ley org\u00e1nica.<\/p>\n<p><a href=\"https:\/\/www.box-fort.com\/es\/\">box-fort.com<\/a><span> <\/span>pone a disposici\u00f3n de los Clientes los medios de contacto referidos en el p\u00e1rrafo anterior para que \u00e9stos ejerzan los derechos de acceso, rectificaci\u00f3n, cancelaci\u00f3n y oposici\u00f3n garantizados por la legislaci\u00f3n vigente.<\/p>\n<h3 id=\"legislaci\u00f3-aplicable-i-jurisdicci\u00f3-competent\">LEGISLACI\u00d3N APLICABLE Y JURISDICCI\u00d3N COMPETENTE<\/h3>\n<p>Las presentes Condiciones Generales se regir\u00e1n e interpretar\u00e1n con arreglo a las Leyes de Espa\u00f1a.<\/p>\n<h3 id=\"nullitat-i-inefic\u00e0cia-de-les-cl\u00e0usules\">NULIDAD E INEFICACIA DE LAS CL\u00c1USULAS<\/h3>\n<p>Si cualquier cl\u00e1usula incluida en estas Condiciones Generales fuese declarada, total o parcialmente, nula o ineficaz, esta nulidad o ineficacia afectar\u00e1 s\u00f3lo a esta disposici\u00f3n oa la parte de la misma que resulte nula o ineficaz, subsistiendo las Condiciones Generales en todo lo dem\u00e1s, teni\u00e9ndose tal disposici\u00f3n, o la parte de la misma que resultare afectada, por no puesta.<\/p>\n<h2 id=\"av\u00eds-legal\">AVISO LEGAL<\/h2>\n<p><a href=\"https:\/\/www.box-fort.com\/es\/\">box-fort.com<\/a><span> <\/span>no puede asumir ninguna responsabilidad derivada del uso incorrecto, inapropiado o il\u00edcito de la informaci\u00f3n aparecida en las p\u00e1ginas de Internet de<span> <\/span><a href=\"https:\/\/www.box-fort.com\/es\/\">box-fort.com<\/a>.<\/p>\n<p>Con los l\u00edmites establecidos en la ley,<span> <\/span><a href=\"https:\/\/www.box-fort.com\/es\/\">box-fort.com<\/a><span> <\/span>no asume responsabilidad alguna derivada de la falta de veracidad, integridad, actualizaci\u00f3n y precisi\u00f3n de los datos o informaciones que contienen sus p\u00e1ginas de Internet.<\/p>\n<p>Las p\u00e1ginas de Internet de<span> <\/span><a href=\"https:\/\/www.box-fort.com\/es\/\">box-fort.com<\/a><span> <\/span>pueden contener enlaces (links) a otras p\u00e1ginas de terceras partes que no puede controlar. Por tanto,<span> <\/span><a href=\"https:\/\/www.box-fort.com\/es\/\">box-fort.com<\/a><span> <\/span>no puede asumir responsabilidades por el contenido que pueda aparecer en p\u00e1ginas de terceros.<\/p>\n<p>Los textos, im\u00e1genes, sonidos, animaciones y el resto de contenidos incluidos en este website son propiedad exclusiva de<span> <\/span><a href=\"https:\/\/www.box-fort.com\/es\/\">box-fort.com<\/a><span> <\/span>o sus licenciantes. Cualquier acto de transmisi\u00f3n, distribuci\u00f3n, cesi\u00f3n, reproducci\u00f3n, almacenamiento o comunicaci\u00f3n p\u00fablica total o parcial, debe contar con el consentimiento expreso de<span> <\/span><a href=\"https:\/\/www.box-fort.com\/es\/\">box-fort.com<\/a>.<\/p>\n<p>Sin embargo, para acceder a algunos de los servicios que<span> <\/span><a href=\"https:\/\/www.box-fort.com\/es\/\">box-fort.com<\/a><span> <\/span>ofrece a trav\u00e9s del website tendr\u00e1 que proporcionar algunos datos de car\u00e1cter personal. En cumplimiento de lo que establece la Ley Org\u00e1nica 15\/1999, de 13 de diciembre, de Protecci\u00f3n de Datos de Car\u00e1cter Personal le informamos que, mediante la complementaci\u00f3n de los formularios, sus datos personales quedar\u00e1n incorporados y ser\u00e1n tratados en los ficheros de Maletes T\u00e8cniques Boxfort sl , con el fin de prestarle y ofrecer nuestros servicios as\u00ed como para informarle de las mejoras del sitio Web. Asimismo, le informamos de la posibilidad de ejercer los derechos de acceso, rectificaci\u00f3n, cancelaci\u00f3n y oposici\u00f3n de sus datos de car\u00e1cter personal, en el correo electr\u00f3nico<span> <\/span><a href=\"mailto:bustia@box-fort.com\">bustia@box-fort.com<\/a><span> <\/span>o en Carrer del Camp, 79 08290 Cerdanyola del Vall\u00e8s.<\/p>\n<\/div><\/div><\/div><\/div><\/div>\n","protected":false},"excerpt":{"rendered":"","protected":false},"author":5,"featured_media":0,"parent":0,"menu_order":0,"comment_status":"closed","ping_status":"closed","template":"","meta":{"_joinchat":[],"footnotes":""},"class_list":["post-1289","page","type-page","status-publish","hentry"],"yoast_head":"<!-- This site is optimized with the Yoast SEO plugin v27.5 - https:\/\/yoast.com\/product\/yoast-seo-wordpress\/ -->\n<title>Aviso legal - Boxfort, maletes i contenidors professionals<\/title>\n<meta name=\"robots\" content=\"index, follow, max-snippet:-1, max-image-preview:large, max-video-preview:-1\" \/>\n<link rel=\"canonical\" href=\"https:\/\/www.box-fort.com\/es\/aviso-legal\/\" \/>\n<meta property=\"og:locale\" content=\"es_ES\" \/>\n<meta property=\"og:type\" content=\"article\" \/>\n<meta property=\"og:title\" content=\"Aviso legal - Boxfort, maletes i contenidors professionals\" \/>\n<meta property=\"og:url\" content=\"https:\/\/www.box-fort.com\/es\/aviso-legal\/\" \/>\n<meta property=\"og:site_name\" content=\"Boxfort, maletes i contenidors professionals\" \/>\n<meta property=\"article:modified_time\" content=\"2026-04-27T10:23:26+00:00\" \/>\n<meta name=\"twitter:card\" content=\"summary_large_image\" \/>\n<script type=\"application\/ld+json\" class=\"yoast-schema-graph\">{\"@context\":\"https:\\\/\\\/schema.org\",\"@graph\":[{\"@type\":\"WebPage\",\"@id\":\"https:\\\/\\\/www.box-fort.com\\\/es\\\/aviso-legal\\\/\",\"url\":\"https:\\\/\\\/www.box-fort.com\\\/es\\\/aviso-legal\\\/\",\"name\":\"Aviso legal - Boxfort, maletes i contenidors professionals\",\"isPartOf\":{\"@id\":\"https:\\\/\\\/www.box-fort.com\\\/es\\\/#website\"},\"datePublished\":\"2023-07-04T08:23:31+00:00\",\"dateModified\":\"2026-04-27T10:23:26+00:00\",\"breadcrumb\":{\"@id\":\"https:\\\/\\\/www.box-fort.com\\\/es\\\/aviso-legal\\\/#breadcrumb\"},\"inLanguage\":\"es\",\"potentialAction\":[{\"@type\":\"ReadAction\",\"target\":[\"https:\\\/\\\/www.box-fort.com\\\/es\\\/aviso-legal\\\/\"]}]},{\"@type\":\"BreadcrumbList\",\"@id\":\"https:\\\/\\\/www.box-fort.com\\\/es\\\/aviso-legal\\\/#breadcrumb\",\"itemListElement\":[{\"@type\":\"ListItem\",\"position\":1,\"name\":\"Home\",\"item\":\"https:\\\/\\\/www.box-fort.com\\\/es\\\/\"},{\"@type\":\"ListItem\",\"position\":2,\"name\":\"Aviso legal\"}]},{\"@type\":\"WebSite\",\"@id\":\"https:\\\/\\\/www.box-fort.com\\\/es\\\/#website\",\"url\":\"https:\\\/\\\/www.box-fort.com\\\/es\\\/\",\"name\":\"Boxfort, maletes i contenidors professionals\",\"description\":\"\",\"potentialAction\":[{\"@type\":\"SearchAction\",\"target\":{\"@type\":\"EntryPoint\",\"urlTemplate\":\"https:\\\/\\\/www.box-fort.com\\\/es\\\/?s={search_term_string}\"},\"query-input\":{\"@type\":\"PropertyValueSpecification\",\"valueRequired\":true,\"valueName\":\"search_term_string\"}}],\"inLanguage\":\"es\"}]}<\/script>\n<!-- \/ Yoast SEO plugin. -->","yoast_head_json":{"title":"Aviso legal - Boxfort, maletes i contenidors professionals","robots":{"index":"index","follow":"follow","max-snippet":"max-snippet:-1","max-image-preview":"max-image-preview:large","max-video-preview":"max-video-preview:-1"},"canonical":"https:\/\/www.box-fort.com\/es\/aviso-legal\/","og_locale":"es_ES","og_type":"article","og_title":"Aviso legal - Boxfort, maletes i contenidors professionals","og_url":"https:\/\/www.box-fort.com\/es\/aviso-legal\/","og_site_name":"Boxfort, maletes i contenidors professionals","article_modified_time":"2026-04-27T10:23:26+00:00","twitter_card":"summary_large_image","schema":{"@context":"https:\/\/schema.org","@graph":[{"@type":"WebPage","@id":"https:\/\/www.box-fort.com\/es\/aviso-legal\/","url":"https:\/\/www.box-fort.com\/es\/aviso-legal\/","name":"Aviso legal - Boxfort, maletes i contenidors professionals","isPartOf":{"@id":"https:\/\/www.box-fort.com\/es\/#website"},"datePublished":"2023-07-04T08:23:31+00:00","dateModified":"2026-04-27T10:23:26+00:00","breadcrumb":{"@id":"https:\/\/www.box-fort.com\/es\/aviso-legal\/#breadcrumb"},"inLanguage":"es","potentialAction":[{"@type":"ReadAction","target":["https:\/\/www.box-fort.com\/es\/aviso-legal\/"]}]},{"@type":"BreadcrumbList","@id":"https:\/\/www.box-fort.com\/es\/aviso-legal\/#breadcrumb","itemListElement":[{"@type":"ListItem","position":1,"name":"Home","item":"https:\/\/www.box-fort.com\/es\/"},{"@type":"ListItem","position":2,"name":"Aviso legal"}]},{"@type":"WebSite","@id":"https:\/\/www.box-fort.com\/es\/#website","url":"https:\/\/www.box-fort.com\/es\/","name":"Boxfort, maletes i contenidors professionals","description":"","potentialAction":[{"@type":"SearchAction","target":{"@type":"EntryPoint","urlTemplate":"https:\/\/www.box-fort.com\/es\/?s={search_term_string}"},"query-input":{"@type":"PropertyValueSpecification","valueRequired":true,"valueName":"search_term_string"}}],"inLanguage":"es"}]}},"_links":{"self":[{"href":"https:\/\/www.box-fort.com\/es\/wp-json\/wp\/v2\/pages\/1289","targetHints":{"allow":["GET"]}}],"collection":[{"href":"https:\/\/www.box-fort.com\/es\/wp-json\/wp\/v2\/pages"}],"about":[{"href":"https:\/\/www.box-fort.com\/es\/wp-json\/wp\/v2\/types\/page"}],"author":[{"embeddable":true,"href":"https:\/\/www.box-fort.com\/es\/wp-json\/wp\/v2\/users\/5"}],"replies":[{"embeddable":true,"href":"https:\/\/www.box-fort.com\/es\/wp-json\/wp\/v2\/comments?post=1289"}],"version-history":[{"count":3,"href":"https:\/\/www.box-fort.com\/es\/wp-json\/wp\/v2\/pages\/1289\/revisions"}],"predecessor-version":[{"id":3988,"href":"https:\/\/www.box-fort.com\/es\/wp-json\/wp\/v2\/pages\/1289\/revisions\/3988"}],"wp:attachment":[{"href":"https:\/\/www.box-fort.com\/es\/wp-json\/wp\/v2\/media?parent=1289"}],"curies":[{"name":"wp","href":"https:\/\/api.w.org\/{rel}","templated":true}]}}