{"id":1326,"date":"2023-06-29T12:16:12","date_gmt":"2023-06-29T10:16:12","guid":{"rendered":"https:\/\/www.box-fort.com\/politica-de-cookies-ue\/"},"modified":"2023-08-02T17:17:38","modified_gmt":"2023-08-02T15:17:38","slug":"politica-de-cookies-ue","status":"publish","type":"page","link":"https:\/\/www.box-fort.com\/es\/politica-de-cookies-ue\/","title":{"rendered":"Pol\u00edtica de cookies (UE)"},"content":{"rendered":"<p>[et_pb_section fb_built=\u00bb1&#8243; _builder_version=\u00bb4.21.0&#8243; _module_preset=\u00bbdefault\u00bb global_colors_info=\u00bb{}\u00bb][et_pb_row _builder_version=\u00bb4.21.0&#8243; _module_preset=\u00bbdefault\u00bb global_colors_info=\u00bb{}\u00bb][et_pb_column type=\u00bb4_4&#8243; _builder_version=\u00bb4.21.0&#8243; _module_preset=\u00bbdefault\u00bb global_colors_info=\u00bb{}\u00bb][et_pb_text _builder_version=\u00bb4.21.0&#8243; _module_preset=\u00bbdefault\u00bb header_font=\u00bbVerdana||||||||\u00bb header_text_color=\u00bb#000000&#8243; header_font_size=\u00bb34px\u00bb global_colors_info=\u00bb{}\u00bb]<\/p>\n<h1>Pol\u00edtica de cookies<\/h1>\n<p>[\/et_pb_text][et_pb_text _builder_version=\u00bb4.21.0&#8243; _module_preset=\u00bbdefault\u00bb global_colors_info=\u00bb{}\u00bb]<\/p>\n<h3>1. Introducci\u00f3n<\/h3>\n<p>Nuestra web, https:\/\/www.box-fort.com (en adelante: \u00abla web\u00bb) utiliza cookies y otras tecnolog\u00edas relacionadas (para mayor comodidad, todas las tecnolog\u00edas se llaman \u00abcookies\u00bb). Las cookies tambi\u00e9n son colocadas por terceros a quienes hemos contratado. En el siguiente documento te informamos sobre el uso de cookies en nuestra web.<\/p>\n<h3>2. \u00bfQu\u00e9 son las cookies?<\/h3>\n<p>Una cookie es un peque\u00f1o archivo que se env\u00eda junto con las p\u00e1ginas de esta web y que su navegador almacena en el disco duro de su ordenador u otro dispositivo. La informaci\u00f3n almacenada puede ser devuelta a nuestros servidores o servidores de terceros apropiados durante una visita posterior.<\/p>\n<h3>3. \u00bfQu\u00e9 son los scripts?<\/h3>\n<p>Un script es un fragmento de c\u00f3digo de programa que se utiliza para hacer que nuestra web funcione correctamente y de forma interactiva. Este c\u00f3digo se ejecuta en nuestro servidor o en su dispositivo.<\/p>\n<h3>4. \u00bfQu\u00e9 es una baliza web?<\/h3>\n<p>Una baliza web (o una etiqueta de p\u00edxel) es una peque\u00f1a e invisible pieza de texto o imagen en una web que se utiliza para monitorear el tr\u00e1fico en una web. Por eso, se almacenan varios datos sobre usted mediante estas balizas web.<\/p>\n<h3>5. Cookies<\/h3>\n<h4>5.1 Cookies t\u00e9cnicas o funcionales<\/h4>\n<p>Algunas cookies aseguran que ciertas partes de la web funcionen correctamente y que tus preferencias de usuario se sigan recordando. Al colocar cookies funcionales, te facilitamos la visita a nuestra web. De esta forma, no necesitas introducir repetidamente la misma informaci\u00f3n cuando visitas nuestra web y, por ejemplo, los art\u00edculos permanecen en la cesta de la compra hasta que hayas pagado. Podemos colocar estas cookies sin tu consentimiento.<\/p>\n<h4>5.2 Cookies de estad\u00edsticas<\/h4>\n<p>Utilizamos cookies estad\u00edsticas para optimizar la experiencia de la web por nuestros usuarios. Con estas cookies estad\u00edsticas obtenemos informaci\u00f3n sobre el uso de nuestra web. Te pedimos tu permiso para colocar cookies de estad\u00edsticas.<\/p>\n<h3>6. Cookies usadas<\/h3>\n<p>Google various services<br \/>M\u00e0rqueting\/Tracking<\/p>\n<p>Consent to service google-various-services<br \/>HubSpot<br \/>M\u00e0rqueting\/Tracking, Functional, Preferences<\/p>\n<p>Consent to service hubspot<br \/>Google Analytics<br \/>Statistics<\/p>\n<p>Consent to service google-analytics<br \/>Varios<br \/>Prop\u00f3sito pendiente de investigaci\u00f3n<\/p>\n<p>Consent to service diversos<\/p>\n<h3>7. Consentimento<\/h3>\n<p>Cuando visite nuestra web por primera vez, le mostraremos una ventana emergente con una explicaci\u00f3n sobre las cookies. Cuando haga clic en \u00abGuardar preferencias\u00bb, acepte que utilizamos las categor\u00edas de cookies y conectores que ha seleccionado en la ventana emergente, tal y como se describe en esta pol\u00edtica de cookies. Puede desactivar el uso de cookies a trav\u00e9s de su navegador, pero, por favor, tenga en cuenta que nuestra web puede dejar de funcionar correctamente.<\/p>\n<h4>7.1 Gestiona tus ajustes de consentimiento<\/h4>\n<p>Funcional<br \/>Siempre activo<br \/>Estad\u00edsticas<\/p>\n<h3>8. Activaci\u00f3n\/desactivaci\u00f3n y borrado de cookies<\/h3>\n<p>Puede utilizar su navegador de Internet para eliminar las cookies de forma autom\u00e1tica o manual. Tambi\u00e9n puedes especificar que ciertas cookies no pueden ser colocadas. Otra opci\u00f3n es cambiar los par\u00e1metros de su navegador de Internet para que recibas un mensaje cada vez que se coloca una cookie. Para obtener m\u00e1s informaci\u00f3n sobre estas opciones, consulte las instrucciones de la secci\u00f3n \u00abAyuda\u00bb de su navegador.<\/p>\n<p>Para obtener m\u00e1s informaci\u00f3n sobre estas opciones, consulte las instrucciones de la secci\u00f3n \u00abAyuda\u00bb de su navegador. Para obtener m\u00e1s informaci\u00f3n sobre estas opciones, consulte las instrucciones de la secci\u00f3n \u00abAyuda\u00bb de su navegador.<\/p>\n<h3>9. Tus derechos con respecto a los datos personales<\/h3>\n<p>Tienes los siguientes derechos con respecto a tus datos personales:<\/p>\n<p>Tiene derecho a saber por qu\u00e9 se necesitan tus datos personales, qu\u00e9 pasar\u00e1 con ellos y durante cu\u00e1nto tiempo se conservar\u00e1n.<br \/>Derecho de acceso: tienes derecho a acceder a los datos personales que conocemos.<br \/>Derecho de rectificaci\u00f3n: tienes derecho a completar, rectificar, borrar o bloquear tus datos personales cuando desees.<br \/>Si nos das tu consentimiento para procesar tus datos, tienes derecho a revocar ese consentimiento y que se eliminen tus datos personales.<br \/>Derecho de cesi\u00f3n de tus datos: tienes derecho a solicitar todos los datos personales al responsable del tratamiento y transferirlos \u00edntegramente a otro responsable del tratamiento.<br \/>Derecho de oposici\u00f3n: puedes oponerte al tratamiento de tus datos. Nosotros cumplimos con esto, salvo que existan motivos justificados para el procesamiento.<br \/>Para ejercitar estos derechos, por favor, contacta con nosotros. Por favor, consulte los detalles de contacto en la parte inferior de esta pol\u00edtica de cookies. Si tienes alguna queja sobre c\u00f3mo gestionamos tus datos, nos gustar\u00eda que nos la hicieras saber, pero tambi\u00e9n tienes derecho a enviar una queja a la autoridad supervisora \u200b\u200b(la autoridad de protecci\u00f3n de datos).<\/p>\n<h3>10. Datos de contacto<\/h3>\n<p>Para preguntas y\/o comentarios sobre nuestra pol\u00edtica de cookies y esta declaraci\u00f3n, por favor, contacta con nosotros usando los siguientes datos de contacto:<\/p>\n<p>Boxfort<br \/>Carrer del Camp, 79, 08290 Cerdanyola del Vall\u00e8s, Barcelona<br \/>Espa\u00f1a<br \/>Web: https:\/\/www.box-fort.com<br \/>Correo electr\u00f3nico: bustia@box-fort.com <br \/>N\u00famero de tel\u00e9fono: 936 91 83 05<\/p>\n<p>Esta pol\u00edtica de cookies ha sido sincronizada con cookiedatabase.org el 29 de junio de 2023<\/p>\n<p>[\/et_pb_text][\/et_pb_column][\/et_pb_row][\/et_pb_section]<\/p>\n","protected":false},"excerpt":{"rendered":"<p>Pol\u00edtica de cookies1. Introducci\u00f3n Nuestra web, https:\/\/www.box-fort.com (en adelante: \u00abla web\u00bb) utiliza cookies y otras tecnolog\u00edas relacionadas (para mayor comodidad, todas las tecnolog\u00edas se llaman \u00abcookies\u00bb). Las cookies tambi\u00e9n son colocadas por terceros a quienes hemos contratado. En el siguiente documento te informamos sobre el uso de cookies en nuestra web. 2. \u00bfQu\u00e9 son las [&hellip;]<\/p>\n","protected":false},"author":5,"featured_media":0,"parent":0,"menu_order":0,"comment_status":"closed","ping_status":"closed","template":"","meta":{"_et_pb_use_builder":"on","_et_pb_old_content":"","_et_gb_content_width":"","_joinchat":[],"footnotes":""},"class_list":["post-1326","page","type-page","status-publish","hentry"],"yoast_head":"<!-- This site is optimized with the Yoast SEO plugin v27.4 - https:\/\/yoast.com\/product\/yoast-seo-wordpress\/ -->\n<title>Pol\u00edtica de cookies (UE) - Boxfort, maletes i contenidors professionals<\/title>\n<meta name=\"robots\" content=\"index, follow, max-snippet:-1, max-image-preview:large, max-video-preview:-1\" \/>\n<link rel=\"canonical\" href=\"https:\/\/www.box-fort.com\/es\/politica-de-cookies-ue\/\" \/>\n<meta property=\"og:locale\" content=\"es_ES\" \/>\n<meta property=\"og:type\" content=\"article\" \/>\n<meta property=\"og:title\" content=\"Pol\u00edtica de cookies (UE) - Boxfort, maletes i contenidors professionals\" \/>\n<meta property=\"og:description\" content=\"Pol\u00edtica de cookies1. Introducci\u00f3n Nuestra web, https:\/\/www.box-fort.com (en adelante: \u00abla web\u00bb) utiliza cookies y otras tecnolog\u00edas relacionadas (para mayor comodidad, todas las tecnolog\u00edas se llaman \u00abcookies\u00bb). Las cookies tambi\u00e9n son colocadas por terceros a quienes hemos contratado. En el siguiente documento te informamos sobre el uso de cookies en nuestra web. 2. \u00bfQu\u00e9 son las [&hellip;]\" \/>\n<meta property=\"og:url\" content=\"https:\/\/www.box-fort.com\/es\/politica-de-cookies-ue\/\" \/>\n<meta property=\"og:site_name\" content=\"Boxfort, maletes i contenidors professionals\" \/>\n<meta property=\"article:modified_time\" content=\"2023-08-02T15:17:38+00:00\" \/>\n<meta name=\"twitter:card\" content=\"summary_large_image\" \/>\n<meta name=\"twitter:label1\" content=\"Tiempo de lectura\" \/>\n\t<meta name=\"twitter:data1\" content=\"5 minutos\" \/>\n<script type=\"application\/ld+json\" class=\"yoast-schema-graph\">{\"@context\":\"https:\\\/\\\/schema.org\",\"@graph\":[{\"@type\":\"WebPage\",\"@id\":\"https:\\\/\\\/www.box-fort.com\\\/es\\\/politica-de-cookies-ue\\\/\",\"url\":\"https:\\\/\\\/www.box-fort.com\\\/es\\\/politica-de-cookies-ue\\\/\",\"name\":\"Pol\u00edtica de cookies (UE) - Boxfort, maletes i contenidors professionals\",\"isPartOf\":{\"@id\":\"https:\\\/\\\/www.box-fort.com\\\/es\\\/#website\"},\"datePublished\":\"2023-06-29T10:16:12+00:00\",\"dateModified\":\"2023-08-02T15:17:38+00:00\",\"breadcrumb\":{\"@id\":\"https:\\\/\\\/www.box-fort.com\\\/es\\\/politica-de-cookies-ue\\\/#breadcrumb\"},\"inLanguage\":\"es\",\"potentialAction\":[{\"@type\":\"ReadAction\",\"target\":[\"https:\\\/\\\/www.box-fort.com\\\/es\\\/politica-de-cookies-ue\\\/\"]}]},{\"@type\":\"BreadcrumbList\",\"@id\":\"https:\\\/\\\/www.box-fort.com\\\/es\\\/politica-de-cookies-ue\\\/#breadcrumb\",\"itemListElement\":[{\"@type\":\"ListItem\",\"position\":1,\"name\":\"Home\",\"item\":\"https:\\\/\\\/www.box-fort.com\\\/es\\\/inicio\\\/\"},{\"@type\":\"ListItem\",\"position\":2,\"name\":\"Pol\u00edtica de cookies (UE)\"}]},{\"@type\":\"WebSite\",\"@id\":\"https:\\\/\\\/www.box-fort.com\\\/es\\\/#website\",\"url\":\"https:\\\/\\\/www.box-fort.com\\\/es\\\/\",\"name\":\"Boxfort, maletes i contenidors professionals\",\"description\":\"\",\"potentialAction\":[{\"@type\":\"SearchAction\",\"target\":{\"@type\":\"EntryPoint\",\"urlTemplate\":\"https:\\\/\\\/www.box-fort.com\\\/es\\\/?s={search_term_string}\"},\"query-input\":{\"@type\":\"PropertyValueSpecification\",\"valueRequired\":true,\"valueName\":\"search_term_string\"}}],\"inLanguage\":\"es\"}]}<\/script>\n<!-- \/ Yoast SEO plugin. -->","yoast_head_json":{"title":"Pol\u00edtica de cookies (UE) - Boxfort, maletes i contenidors professionals","robots":{"index":"index","follow":"follow","max-snippet":"max-snippet:-1","max-image-preview":"max-image-preview:large","max-video-preview":"max-video-preview:-1"},"canonical":"https:\/\/www.box-fort.com\/es\/politica-de-cookies-ue\/","og_locale":"es_ES","og_type":"article","og_title":"Pol\u00edtica de cookies (UE) - Boxfort, maletes i contenidors professionals","og_description":"Pol\u00edtica de cookies1. Introducci\u00f3n Nuestra web, https:\/\/www.box-fort.com (en adelante: \u00abla web\u00bb) utiliza cookies y otras tecnolog\u00edas relacionadas (para mayor comodidad, todas las tecnolog\u00edas se llaman \u00abcookies\u00bb). Las cookies tambi\u00e9n son colocadas por terceros a quienes hemos contratado. En el siguiente documento te informamos sobre el uso de cookies en nuestra web. 2. \u00bfQu\u00e9 son las [&hellip;]","og_url":"https:\/\/www.box-fort.com\/es\/politica-de-cookies-ue\/","og_site_name":"Boxfort, maletes i contenidors professionals","article_modified_time":"2023-08-02T15:17:38+00:00","twitter_card":"summary_large_image","twitter_misc":{"Tiempo de lectura":"5 minutos"},"schema":{"@context":"https:\/\/schema.org","@graph":[{"@type":"WebPage","@id":"https:\/\/www.box-fort.com\/es\/politica-de-cookies-ue\/","url":"https:\/\/www.box-fort.com\/es\/politica-de-cookies-ue\/","name":"Pol\u00edtica de cookies (UE) - Boxfort, maletes i contenidors professionals","isPartOf":{"@id":"https:\/\/www.box-fort.com\/es\/#website"},"datePublished":"2023-06-29T10:16:12+00:00","dateModified":"2023-08-02T15:17:38+00:00","breadcrumb":{"@id":"https:\/\/www.box-fort.com\/es\/politica-de-cookies-ue\/#breadcrumb"},"inLanguage":"es","potentialAction":[{"@type":"ReadAction","target":["https:\/\/www.box-fort.com\/es\/politica-de-cookies-ue\/"]}]},{"@type":"BreadcrumbList","@id":"https:\/\/www.box-fort.com\/es\/politica-de-cookies-ue\/#breadcrumb","itemListElement":[{"@type":"ListItem","position":1,"name":"Home","item":"https:\/\/www.box-fort.com\/es\/inicio\/"},{"@type":"ListItem","position":2,"name":"Pol\u00edtica de cookies (UE)"}]},{"@type":"WebSite","@id":"https:\/\/www.box-fort.com\/es\/#website","url":"https:\/\/www.box-fort.com\/es\/","name":"Boxfort, maletes i contenidors professionals","description":"","potentialAction":[{"@type":"SearchAction","target":{"@type":"EntryPoint","urlTemplate":"https:\/\/www.box-fort.com\/es\/?s={search_term_string}"},"query-input":{"@type":"PropertyValueSpecification","valueRequired":true,"valueName":"search_term_string"}}],"inLanguage":"es"}]}},"_links":{"self":[{"href":"https:\/\/www.box-fort.com\/es\/wp-json\/wp\/v2\/pages\/1326","targetHints":{"allow":["GET"]}}],"collection":[{"href":"https:\/\/www.box-fort.com\/es\/wp-json\/wp\/v2\/pages"}],"about":[{"href":"https:\/\/www.box-fort.com\/es\/wp-json\/wp\/v2\/types\/page"}],"author":[{"embeddable":true,"href":"https:\/\/www.box-fort.com\/es\/wp-json\/wp\/v2\/users\/5"}],"replies":[{"embeddable":true,"href":"https:\/\/www.box-fort.com\/es\/wp-json\/wp\/v2\/comments?post=1326"}],"version-history":[{"count":3,"href":"https:\/\/www.box-fort.com\/es\/wp-json\/wp\/v2\/pages\/1326\/revisions"}],"predecessor-version":[{"id":1329,"href":"https:\/\/www.box-fort.com\/es\/wp-json\/wp\/v2\/pages\/1326\/revisions\/1329"}],"wp:attachment":[{"href":"https:\/\/www.box-fort.com\/es\/wp-json\/wp\/v2\/media?parent=1326"}],"curies":[{"name":"wp","href":"https:\/\/api.w.org\/{rel}","templated":true}]}}