{"id":3213,"date":"2025-12-03T12:36:38","date_gmt":"2025-12-03T11:36:38","guid":{"rendered":"https:\/\/www.box-fort.com\/producte\/caja-plastico-pp-licefa\/"},"modified":"2025-12-15T17:55:04","modified_gmt":"2025-12-15T16:55:04","slug":"caja-plastico-pp-licefa","status":"publish","type":"product","link":"https:\/\/www.box-fort.com\/es\/producto\/caja-plastico-pp-licefa\/","title":{"rendered":"Caja pl\u00e1stico PP LICEFA"},"content":{"rendered":"<p>[et_pb_section fb_built=\u00bb1&#8243; _builder_version=\u00bb4.27.4&#8243; custom_padding=\u00bb0px||||false|false\u00bb hover_enabled=\u00bb0&#8243; global_colors_info=\u00bb{}\u00bb sticky_enabled=\u00bb0&#8243;][et_pb_row _builder_version=\u00bb4.16&#8243; background_size=\u00bbinitial\u00bb background_position=\u00bbtop_left\u00bb background_repeat=\u00bbrepeat\u00bb width=\u00bb100%\u00bb custom_padding=\u00bb0px||0px||false|false\u00bb global_colors_info=\u00bb{}\u00bb][et_pb_column type=\u00bb4_4&#8243; _builder_version=\u00bb4.16&#8243; custom_padding=\u00bb|||\u00bb global_colors_info=\u00bb{}\u00bb custom_padding__hover=\u00bb|||\u00bb][et_pb_wc_breadcrumb _builder_version=\u00bb4.16&#8243; global_colors_info=\u00bb{}\u00bb][\/et_pb_wc_breadcrumb][et_pb_wc_cart_notice _builder_version=\u00bb4.16&#8243; global_colors_info=\u00bb{}\u00bb][\/et_pb_wc_cart_notice][\/et_pb_column][\/et_pb_row][et_pb_row column_structure=\u00bb1_2,1_2&#8243; _builder_version=\u00bb4.16&#8243; background_size=\u00bbinitial\u00bb background_position=\u00bbtop_left\u00bb background_repeat=\u00bbrepeat\u00bb width=\u00bb100%\u00bb custom_padding=\u00bb0px||||false|false\u00bb global_colors_info=\u00bb{}\u00bb][et_pb_column type=\u00bb1_2&#8243; _builder_version=\u00bb4.16&#8243; custom_padding=\u00bb|||\u00bb global_colors_info=\u00bb{}\u00bb custom_padding__hover=\u00bb|||\u00bb][et_pb_wc_images _builder_version=\u00bb4.16&#8243; global_colors_info=\u00bb{}\u00bb][\/et_pb_wc_images][\/et_pb_column][et_pb_column type=\u00bb1_2&#8243; _builder_version=\u00bb4.16&#8243; custom_padding=\u00bb|||\u00bb global_colors_info=\u00bb{}\u00bb custom_padding__hover=\u00bb|||\u00bb][et_pb_wc_title _builder_version=\u00bb4.16&#8243; global_colors_info=\u00bb{}\u00bb][\/et_pb_wc_title][et_pb_wc_rating _builder_version=\u00bb4.16&#8243; global_colors_info=\u00bb{}\u00bb][\/et_pb_wc_rating][et_pb_wc_price _builder_version=\u00bb4.27.4&#8243; hover_enabled=\u00bb0&#8243; global_colors_info=\u00bb{}\u00bb body_font=\u00bb|800|||||||\u00bb sticky_enabled=\u00bb0&#8243;][\/et_pb_wc_price][et_pb_wc_description _builder_version=\u00bb4.16&#8243; global_colors_info=\u00bb{}\u00bb][\/et_pb_wc_description][et_pb_wc_add_to_cart _builder_version=\u00bb4.27.4&#8243; hover_enabled=\u00bb0&#8243; global_colors_info=\u00bb{}\u00bb dropdown_menus_background_color=\u00bb#0763B6&#8243; dropdown_menus_text_color=\u00bb#FFFFFF\u00bb dropdown_menus_focus_background_color=\u00bb#FFFFFF\u00bb dropdown_menus_focus_text_color=\u00bb#0763B6&#8243; sticky_enabled=\u00bb0&#8243;][\/et_pb_wc_add_to_cart][et_pb_wc_meta _builder_version=\u00bb4.27.4&#8243; hover_enabled=\u00bb0&#8243; global_colors_info=\u00bb{}\u00bb show_sku=\u00bboff\u00bb show_tags=\u00bboff\u00bb sticky_enabled=\u00bb0&#8243;][\/et_pb_wc_meta][\/et_pb_column][\/et_pb_row][et_pb_row _builder_version=\u00bb4.16&#8243; background_size=\u00bbinitial\u00bb background_position=\u00bbtop_left\u00bb background_repeat=\u00bbrepeat\u00bb width=\u00bb100%\u00bb global_colors_info=\u00bb{}\u00bb][et_pb_column type=\u00bb4_4&#8243; _builder_version=\u00bb4.16&#8243; custom_padding=\u00bb|||\u00bb global_colors_info=\u00bb{}\u00bb custom_padding__hover=\u00bb|||\u00bb][et_pb_wc_tabs _builder_version=\u00bb4.27.4&#8243; hover_enabled=\u00bb0&#8243; global_colors_info=\u00bb{}\u00bb active_tab_background_color=\u00bb#0763B6&#8243; active_tab_text_color=\u00bb#FFFFFF\u00bb inactive_tab_background_color=\u00bb#FFFFFF\u00bb tab_text_color=\u00bb#0763B6&#8243; border_width_all=\u00bb0px\u00bb border_style_all=\u00bbnone\u00bb sticky_enabled=\u00bb0&#8243; include_tabs=\u00bbdescription|additional_information|\u00bb]\t\t\t\t\t[\/et_pb_wc_tabs][et_pb_wc_upsells _builder_version=\u00bb4.16&#8243; global_colors_info=\u00bb{}\u00bb][\/et_pb_wc_upsells][et_pb_wc_related_products _builder_version=\u00bb4.27.4&#8243; hover_enabled=\u00bb0&#8243; global_colors_info=\u00bb{}\u00bb module_id=\u00bbwooproducts-list\u00bb sticky_enabled=\u00bb0&#8243; title_font=\u00bb|800|||||||\u00bb title_text_align=\u00bbcenter\u00bb title_font_size=\u00bb30px\u00bb title_line_height=\u00bb1.8em\u00bb][\/et_pb_wc_related_products][\/et_pb_column][\/et_pb_row][\/et_pb_section]<\/p>\n","protected":false},"excerpt":{"rendered":"<p>Maletas de pl\u00e1stico polipropileno (PP) color negro. Asa integrada y cierres de presi\u00f3n.  Interior vac\u00edo Varias medidas.<\/p>\n","protected":false},"featured_media":3211,"comment_status":"open","ping_status":"closed","template":"","meta":{"_et_pb_use_builder":"on","_et_pb_old_content":"Caja compacta de la gama LICEFA, pensada para la organizaci\u00f3n de componentes, tornillos, piezas peque\u00f1as o consumibles. Ideal como complemento dentro de maletas de mayor tama\u00f1o o para almacenes y talleres. \n<h3><\/h3>\n<h3>Aplicaciones<\/h3>\n<ul>\n \t<li>Cajones de herramientas y bancos de trabajo.<\/li>\n \t<li>Organizaci\u00f3n de almac\u00e9n de repuestos.<\/li>\n \t<li>Complemento dentro de maletas t\u00e9cnicas.<\/li>\n<\/ul>\n<details class=\"caracteristiques\"><summary>Caracter\u00edsticas principales<\/summary>\n<ul>\n \t<li>Formato compacto para aprovechar al m\u00e1ximo el espacio.<\/li>\n \t<li>Interior di\u00e1fano para organizar al gusto.<\/li>\n \t<li>Perfecta para piezas peque\u00f1as y componentes.<\/li>\n<\/ul>\n<\/details>","_et_gb_content_width":"","_joinchat":[]},"product_brand":[],"product_cat":[120,121],"product_tag":[],"class_list":{"0":"post-3213","1":"product","2":"type-product","3":"status-publish","4":"has-post-thumbnail","6":"product_cat-maletas","7":"product_cat-plastico","8":"pa_gamma-serie-licefa","9":"pa_material-pp-polipropile","10":"pa_type-of-product-caja-plastico-polipropileno-pp","12":"first","13":"instock","14":"taxable","15":"shipping-taxable","16":"purchasable","17":"product-type-variable"},"yoast_head":"<!-- This site is optimized with the Yoast SEO plugin v27.4 - https:\/\/yoast.com\/product\/yoast-seo-wordpress\/ -->\n<title>Caja LICEFA para piezas peque\u00f1as y componentes | Boxfort<\/title>\n<meta name=\"description\" content=\"Caja LICEFA de peque\u00f1o formato para organizar piezas peque\u00f1as y componentes. Ideal como complemento dentro de maletas y cajones de taller.\" \/>\n<meta name=\"robots\" content=\"index, follow, max-snippet:-1, max-image-preview:large, max-video-preview:-1\" \/>\n<link rel=\"canonical\" href=\"https:\/\/www.box-fort.com\/es\/producto\/caja-plastico-pp-licefa\/\" \/>\n<meta property=\"og:locale\" content=\"es_ES\" \/>\n<meta property=\"og:type\" content=\"article\" \/>\n<meta property=\"og:title\" content=\"Caja LICEFA para piezas peque\u00f1as y componentes | Boxfort\" \/>\n<meta property=\"og:description\" content=\"Caja LICEFA de peque\u00f1o formato para organizar piezas peque\u00f1as y componentes. Ideal como complemento dentro de maletas y cajones de taller.\" \/>\n<meta property=\"og:url\" content=\"https:\/\/www.box-fort.com\/es\/producto\/caja-plastico-pp-licefa\/\" \/>\n<meta property=\"og:site_name\" content=\"Boxfort, maletes i contenidors professionals\" \/>\n<meta property=\"article:modified_time\" content=\"2025-12-15T16:55:04+00:00\" \/>\n<meta property=\"og:image\" content=\"https:\/\/www.box-fort.com\/wp-content\/uploads\/2025\/12\/BOXFORT-LF.jpg\" \/>\n\t<meta property=\"og:image:width\" content=\"1000\" \/>\n\t<meta property=\"og:image:height\" content=\"750\" \/>\n\t<meta property=\"og:image:type\" content=\"image\/jpeg\" \/>\n<meta name=\"twitter:card\" content=\"summary_large_image\" \/>\n<meta name=\"twitter:label1\" content=\"Tiempo de lectura\" \/>\n\t<meta name=\"twitter:data1\" content=\"2 minutos\" \/>\n<script type=\"application\/ld+json\" class=\"yoast-schema-graph\">{\"@context\":\"https:\\\/\\\/schema.org\",\"@graph\":[{\"@type\":\"WebPage\",\"@id\":\"https:\\\/\\\/www.box-fort.com\\\/es\\\/producto\\\/caja-plastico-pp-licefa\\\/\",\"url\":\"https:\\\/\\\/www.box-fort.com\\\/es\\\/producto\\\/caja-plastico-pp-licefa\\\/\",\"name\":\"Caja LICEFA para piezas peque\u00f1as y componentes | Boxfort\",\"isPartOf\":{\"@id\":\"https:\\\/\\\/www.box-fort.com\\\/es\\\/#website\"},\"primaryImageOfPage\":{\"@id\":\"https:\\\/\\\/www.box-fort.com\\\/es\\\/producto\\\/caja-plastico-pp-licefa\\\/#primaryimage\"},\"image\":{\"@id\":\"https:\\\/\\\/www.box-fort.com\\\/es\\\/producto\\\/caja-plastico-pp-licefa\\\/#primaryimage\"},\"thumbnailUrl\":\"https:\\\/\\\/www.box-fort.com\\\/wp-content\\\/uploads\\\/2025\\\/12\\\/BOXFORT-LF.jpg\",\"datePublished\":\"2025-12-03T11:36:38+00:00\",\"dateModified\":\"2025-12-15T16:55:04+00:00\",\"description\":\"Caja LICEFA de peque\u00f1o formato para organizar piezas peque\u00f1as y componentes. Ideal como complemento dentro de maletas y cajones de taller.\",\"breadcrumb\":{\"@id\":\"https:\\\/\\\/www.box-fort.com\\\/es\\\/producto\\\/caja-plastico-pp-licefa\\\/#breadcrumb\"},\"inLanguage\":\"es\",\"potentialAction\":[{\"@type\":\"ReadAction\",\"target\":[\"https:\\\/\\\/www.box-fort.com\\\/es\\\/producto\\\/caja-plastico-pp-licefa\\\/\"]}]},{\"@type\":\"ImageObject\",\"inLanguage\":\"es\",\"@id\":\"https:\\\/\\\/www.box-fort.com\\\/es\\\/producto\\\/caja-plastico-pp-licefa\\\/#primaryimage\",\"url\":\"https:\\\/\\\/www.box-fort.com\\\/wp-content\\\/uploads\\\/2025\\\/12\\\/BOXFORT-LF.jpg\",\"contentUrl\":\"https:\\\/\\\/www.box-fort.com\\\/wp-content\\\/uploads\\\/2025\\\/12\\\/BOXFORT-LF.jpg\",\"width\":1000,\"height\":750},{\"@type\":\"BreadcrumbList\",\"@id\":\"https:\\\/\\\/www.box-fort.com\\\/es\\\/producto\\\/caja-plastico-pp-licefa\\\/#breadcrumb\",\"itemListElement\":[{\"@type\":\"ListItem\",\"position\":1,\"name\":\"Home\",\"item\":\"https:\\\/\\\/www.box-fort.com\\\/es\\\/inicio\\\/\"},{\"@type\":\"ListItem\",\"position\":2,\"name\":\"Tienda\",\"item\":\"https:\\\/\\\/www.box-fort.com\\\/es\\\/tienda\\\/\"},{\"@type\":\"ListItem\",\"position\":3,\"name\":\"Caja pl\u00e1stico PP LICEFA\"}]},{\"@type\":\"WebSite\",\"@id\":\"https:\\\/\\\/www.box-fort.com\\\/es\\\/#website\",\"url\":\"https:\\\/\\\/www.box-fort.com\\\/es\\\/\",\"name\":\"Boxfort, maletes i contenidors professionals\",\"description\":\"\",\"potentialAction\":[{\"@type\":\"SearchAction\",\"target\":{\"@type\":\"EntryPoint\",\"urlTemplate\":\"https:\\\/\\\/www.box-fort.com\\\/es\\\/?s={search_term_string}\"},\"query-input\":{\"@type\":\"PropertyValueSpecification\",\"valueRequired\":true,\"valueName\":\"search_term_string\"}}],\"inLanguage\":\"es\"}]}<\/script>\n<!-- \/ Yoast SEO plugin. -->","yoast_head_json":{"title":"Caja LICEFA para piezas peque\u00f1as y componentes | Boxfort","description":"Caja LICEFA de peque\u00f1o formato para organizar piezas peque\u00f1as y componentes. Ideal como complemento dentro de maletas y cajones de taller.","robots":{"index":"index","follow":"follow","max-snippet":"max-snippet:-1","max-image-preview":"max-image-preview:large","max-video-preview":"max-video-preview:-1"},"canonical":"https:\/\/www.box-fort.com\/es\/producto\/caja-plastico-pp-licefa\/","og_locale":"es_ES","og_type":"article","og_title":"Caja LICEFA para piezas peque\u00f1as y componentes | Boxfort","og_description":"Caja LICEFA de peque\u00f1o formato para organizar piezas peque\u00f1as y componentes. Ideal como complemento dentro de maletas y cajones de taller.","og_url":"https:\/\/www.box-fort.com\/es\/producto\/caja-plastico-pp-licefa\/","og_site_name":"Boxfort, maletes i contenidors professionals","article_modified_time":"2025-12-15T16:55:04+00:00","og_image":[{"width":1000,"height":750,"url":"https:\/\/www.box-fort.com\/wp-content\/uploads\/2025\/12\/BOXFORT-LF.jpg","type":"image\/jpeg"}],"twitter_card":"summary_large_image","twitter_misc":{"Tiempo de lectura":"2 minutos"},"schema":{"@context":"https:\/\/schema.org","@graph":[{"@type":"WebPage","@id":"https:\/\/www.box-fort.com\/es\/producto\/caja-plastico-pp-licefa\/","url":"https:\/\/www.box-fort.com\/es\/producto\/caja-plastico-pp-licefa\/","name":"Caja LICEFA para piezas peque\u00f1as y componentes | Boxfort","isPartOf":{"@id":"https:\/\/www.box-fort.com\/es\/#website"},"primaryImageOfPage":{"@id":"https:\/\/www.box-fort.com\/es\/producto\/caja-plastico-pp-licefa\/#primaryimage"},"image":{"@id":"https:\/\/www.box-fort.com\/es\/producto\/caja-plastico-pp-licefa\/#primaryimage"},"thumbnailUrl":"https:\/\/www.box-fort.com\/wp-content\/uploads\/2025\/12\/BOXFORT-LF.jpg","datePublished":"2025-12-03T11:36:38+00:00","dateModified":"2025-12-15T16:55:04+00:00","description":"Caja LICEFA de peque\u00f1o formato para organizar piezas peque\u00f1as y componentes. Ideal como complemento dentro de maletas y cajones de taller.","breadcrumb":{"@id":"https:\/\/www.box-fort.com\/es\/producto\/caja-plastico-pp-licefa\/#breadcrumb"},"inLanguage":"es","potentialAction":[{"@type":"ReadAction","target":["https:\/\/www.box-fort.com\/es\/producto\/caja-plastico-pp-licefa\/"]}]},{"@type":"ImageObject","inLanguage":"es","@id":"https:\/\/www.box-fort.com\/es\/producto\/caja-plastico-pp-licefa\/#primaryimage","url":"https:\/\/www.box-fort.com\/wp-content\/uploads\/2025\/12\/BOXFORT-LF.jpg","contentUrl":"https:\/\/www.box-fort.com\/wp-content\/uploads\/2025\/12\/BOXFORT-LF.jpg","width":1000,"height":750},{"@type":"BreadcrumbList","@id":"https:\/\/www.box-fort.com\/es\/producto\/caja-plastico-pp-licefa\/#breadcrumb","itemListElement":[{"@type":"ListItem","position":1,"name":"Home","item":"https:\/\/www.box-fort.com\/es\/inicio\/"},{"@type":"ListItem","position":2,"name":"Tienda","item":"https:\/\/www.box-fort.com\/es\/tienda\/"},{"@type":"ListItem","position":3,"name":"Caja pl\u00e1stico PP LICEFA"}]},{"@type":"WebSite","@id":"https:\/\/www.box-fort.com\/es\/#website","url":"https:\/\/www.box-fort.com\/es\/","name":"Boxfort, maletes i contenidors professionals","description":"","potentialAction":[{"@type":"SearchAction","target":{"@type":"EntryPoint","urlTemplate":"https:\/\/www.box-fort.com\/es\/?s={search_term_string}"},"query-input":{"@type":"PropertyValueSpecification","valueRequired":true,"valueName":"search_term_string"}}],"inLanguage":"es"}]}},"_links":{"self":[{"href":"https:\/\/www.box-fort.com\/es\/wp-json\/wp\/v2\/product\/3213","targetHints":{"allow":["GET"]}}],"collection":[{"href":"https:\/\/www.box-fort.com\/es\/wp-json\/wp\/v2\/product"}],"about":[{"href":"https:\/\/www.box-fort.com\/es\/wp-json\/wp\/v2\/types\/product"}],"replies":[{"embeddable":true,"href":"https:\/\/www.box-fort.com\/es\/wp-json\/wp\/v2\/comments?post=3213"}],"wp:featuredmedia":[{"embeddable":true,"href":"https:\/\/www.box-fort.com\/es\/wp-json\/wp\/v2\/media\/3211"}],"wp:attachment":[{"href":"https:\/\/www.box-fort.com\/es\/wp-json\/wp\/v2\/media?parent=3213"}],"wp:term":[{"taxonomy":"product_brand","embeddable":true,"href":"https:\/\/www.box-fort.com\/es\/wp-json\/wp\/v2\/product_brand?post=3213"},{"taxonomy":"product_cat","embeddable":true,"href":"https:\/\/www.box-fort.com\/es\/wp-json\/wp\/v2\/product_cat?post=3213"},{"taxonomy":"product_tag","embeddable":true,"href":"https:\/\/www.box-fort.com\/es\/wp-json\/wp\/v2\/product_tag?post=3213"}],"curies":[{"name":"wp","href":"https:\/\/api.w.org\/{rel}","templated":true}]}}